{"id":1690,"date":"2025-03-18T04:20:28","date_gmt":"2025-03-18T04:20:28","guid":{"rendered":"http:\/\/localhost\/glozin\/wishlist\/"},"modified":"2025-09-30T09:34:00","modified_gmt":"2025-09-30T12:34:00","slug":"a-m-e-i","status":"publish","type":"page","link":"https:\/\/hatsu.fabrica88.com\/amandamol\/a-m-e-i\/","title":{"rendered":"A-M-E-I"},"content":{"rendered":"\t\t<div data-elementor-type=\"wp-page\" data-elementor-id=\"1690\" class=\"elementor elementor-1690\" data-elementor-post-type=\"page\">\n\t\t\t\t<div class=\"elementor-element elementor-element-9ee7f80 e-flex e-con-boxed glozin-responsive-column glozin-tablet-column--default glozin-responsive-column glozin-mobile-column--default e-con e-parent\" data-id=\"9ee7f80\" data-element_type=\"container\">\n\t\t\t\t\t<div class=\"e-con-inner\">\n\t\t\t\t<div class=\"elementor-element elementor-element-c156f29 elementor-widget elementor-widget-shortcode\" data-id=\"c156f29\" data-element_type=\"widget\" data-widget_type=\"shortcode.default\">\n\t\t\t\t\t\t\t<div class=\"elementor-shortcode\"><div class=\"woocommerce wocommerce-wishlist wcboost-wishlist\">\n<div class=\"wishlist-empty\">\n\t\n\t<div class=\"woocommerce-info\" role=\"status\">\n\t\tThe wishlist is empty.\t<\/div>\n<\/div>\n\n\t<p class=\"return-to-shop\">\n\t\t<a href=\"https:\/\/hatsu.fabrica88.com\/amandamol\/loja\/\" class=\"button wc-backward\">Return to shop<\/a>\t<\/p>\n\n<\/div><\/div>\n\t\t\t\t\t\t<\/div>\n\t\t\t\t\t<\/div>\n\t\t\t\t<\/div>\n\t\t<div class=\"elementor-element elementor-element-8b52f34 e-flex e-con-boxed glozin-responsive-column glozin-tablet-column--default glozin-responsive-column glozin-mobile-column--default e-con e-parent\" data-id=\"8b52f34\" data-element_type=\"container\">\n\t\t\t\t\t<div class=\"e-con-inner\">\n\t\t\t\t<div class=\"elementor-element elementor-element-40fc356 elementor-widget elementor-widget-glozin-heading\" data-id=\"40fc356\" data-element_type=\"widget\" data-widget_type=\"glozin-heading.default\">\n\t\t\t\t<div class=\"elementor-widget-container\">\n\t\t\t\t\t\t\t<div class=\"glozin-heading-elementor\">\n\t\t\t\t<h2 class=\"glozin-heading d-flex align-items-center my-0 glozin-heading--default\">\n\t\t\t\t\tRecently Viewed \t\t\t\t<\/h2>\n\t\t\t<\/div>\n\t\t\t\t\t\t<\/div>\n\t\t\t\t<\/div>\n\t\t\t\t<div class=\"elementor-element elementor-element-3b3c931 elementor-widget elementor-widget-glozin-heading\" data-id=\"3b3c931\" data-element_type=\"widget\" data-widget_type=\"glozin-heading.default\">\n\t\t\t\t<div class=\"elementor-widget-container\">\n\t\t\t\t\t\t\t<div class=\"glozin-heading-elementor\">\n\t\t\t\t<span class=\"glozin-heading d-flex align-items-center my-0 glozin-heading--default\">\n\t\t\t\t\tExplore your recently viewed items, blending quality and style for a refined living experience.\n\t\t\t\t<\/span>\n\t\t\t<\/div>\n\t\t\t\t\t\t<\/div>\n\t\t\t\t<\/div>\n\t\t\t\t\t<\/div>\n\t\t\t\t<\/div>\n\t\t<div class=\"elementor-element elementor-element-8202c09 e-flex e-con-boxed glozin-responsive-column glozin-tablet-column--default glozin-responsive-column glozin-mobile-column--default e-con e-parent\" data-id=\"8202c09\" data-element_type=\"container\">\n\t\t\t\t\t<div class=\"e-con-inner\">\n\t\t\t\t<div class=\"elementor-element elementor-element-1d07403 navigation-class-arrows elementor-widget elementor-widget-glozin-product-recently-viewed-carousel\" data-id=\"1d07403\" data-element_type=\"widget\" data-settings=\"{&quot;slides_to_show&quot;:4,&quot;slides_to_scroll&quot;:1,&quot;image_spacing_custom&quot;:30,&quot;navigation&quot;:&quot;both&quot;,&quot;speed&quot;:800}\" data-widget_type=\"glozin-product-recently-viewed-carousel.default\">\n\t\t\t\t<div class=\"elementor-widget-container\">\n\t\t\t\t\t\t\t<div class=\"recently-viewed-products__elementor woocommerce\">\n\t\t\t\t\t\t\t\t\t\t\t<div class=\"recently-viewed-products__no-products text-center \">\n\t\t\t\t\t<p>Nenhum produto no hist\u00f3rico de visualiza\u00e7\u00e3o recente.\n<\/p>\n\t\t\t\t\t\t\t<a href=\"https:\/\/hatsu.fabrica88.com\/amandamol\/loja\/\" class=\"glozin-button-link glozin-button gz-button mt-20\" aria-label=\"Link for Back to Shopping\">\r\n\t\t\t\t\t\t\t\t\t\t\r\n\t\t\t<span class=\"glozin-button-text\">Back to Shopping<\/span>\t\t<\/a>\r\n\t\t\t\t\t\t<\/div>\n\t\t\t\t\t<\/div>\n\t\t\t\t\t\t<\/div>\n\t\t\t\t<\/div>\n\t\t\t\t\t<\/div>\n\t\t\t\t<\/div>\n\t\t\t\t<\/div>\n\t\t","protected":false},"excerpt":{"rendered":"<p>Recently Viewed Explore your recently viewed items, blending quality and style for a refined living experience. Add to wishlist Compare Select options Select options Slim Fit Basic Solid Color T-Shirt Rated 4.00 out of 5 &#36;80.00 Add to wishlist Compare Select options Select options Braid Detailed Sleeveless Flow Top Rated 4.00 out of 5 &#36;155.00 [&hellip;]<\/p>\n","protected":false},"author":1,"featured_media":0,"parent":0,"menu_order":0,"comment_status":"closed","ping_status":"closed","template":"","meta":{"footnotes":""},"class_list":["post-1690","page","type-page","status-publish","hentry"],"_links":{"self":[{"href":"https:\/\/hatsu.fabrica88.com\/amandamol\/wp-json\/wp\/v2\/pages\/1690","targetHints":{"allow":["GET"]}}],"collection":[{"href":"https:\/\/hatsu.fabrica88.com\/amandamol\/wp-json\/wp\/v2\/pages"}],"about":[{"href":"https:\/\/hatsu.fabrica88.com\/amandamol\/wp-json\/wp\/v2\/types\/page"}],"author":[{"embeddable":true,"href":"https:\/\/hatsu.fabrica88.com\/amandamol\/wp-json\/wp\/v2\/users\/1"}],"replies":[{"embeddable":true,"href":"https:\/\/hatsu.fabrica88.com\/amandamol\/wp-json\/wp\/v2\/comments?post=1690"}],"version-history":[{"count":1,"href":"https:\/\/hatsu.fabrica88.com\/amandamol\/wp-json\/wp\/v2\/pages\/1690\/revisions"}],"predecessor-version":[{"id":1002017,"href":"https:\/\/hatsu.fabrica88.com\/amandamol\/wp-json\/wp\/v2\/pages\/1690\/revisions\/1002017"}],"wp:attachment":[{"href":"https:\/\/hatsu.fabrica88.com\/amandamol\/wp-json\/wp\/v2\/media?parent=1690"}],"curies":[{"name":"wp","href":"https:\/\/api.w.org\/{rel}","templated":true}]}}