{"id":1000025,"date":"2025-09-10T16:03:16","date_gmt":"2025-09-10T19:03:16","guid":{"rendered":"https:\/\/hatsu.fabrica88.com\/amandamol\/?post_type=product&#038;p=1000025"},"modified":"2025-09-10T16:05:14","modified_gmt":"2025-09-10T19:05:14","slug":"mat-de-yoga-aveludado-borboleta-azul","status":"publish","type":"product","link":"https:\/\/hatsu.fabrica88.com\/amandamol\/produto\/mat-de-yoga-aveludado-borboleta-azul\/","title":{"rendered":"Mat de Yoga Aveludado | Borboleta Azul"},"content":{"rendered":"","protected":false},"excerpt":{"rendered":"<p>&nbsp;<\/p>\n<p><strong>Tapete de Yoga | Mat Aveludado<br \/>\n<\/strong><em>Tapete de alt\u00edssima qualidade feito para durar a vida toda!<\/em><\/p>\n<p>Medidas: 180 x 65 cm<br \/>\n4,5 mm de espessura de alta densidade<br \/>\nMaterial: emborrachado de alta densidade, absorve impactos necess\u00e1rios e protege suas articula\u00e7\u00f5es<br \/>\nComposi\u00e7\u00e3o: base aveludada em tecido sint\u00e9tico + camada emborrachada<br \/>\nTextura: camada superior aconchegante, desenvolvida em tecido aveludado com c\u00e9lulas abertas que garantem absor\u00e7\u00e3o instant\u00e2nea de suor<br \/>\nColora\u00e7\u00e3o que n\u00e3o desbota com uso ou lavagens<br \/>\nSuperf\u00edcie\u00a0<strong>ultra resistente<\/strong> \u00e0 abras\u00e3o e desgaste<br \/>\nPeso: 1,5 kg<\/p>\n<p><span style=\"text-decoration: underline;\"><strong><br \/>\nProduto exclusivo<\/strong><\/span><\/p>\n<p><img decoding=\"async\" class=\"alignnone wp-image-552\" src=\"https:\/\/amandamol.com.br\/wp-content\/uploads\/2022\/09\/Amanda-Mol-Registrada-hz-preto-300x71.png\" alt=\"\" width=\"165\" height=\"39\" \/><\/p>\n<p>&nbsp;<\/p>\n","protected":false},"featured_media":1000067,"comment_status":"closed","ping_status":"closed","template":"","meta":[],"product_brand":[],"product_cat":[83],"product_tag":[],"class_list":{"0":"post-1000025","1":"product","2":"type-product","3":"status-publish","4":"has-post-thumbnail","6":"product_cat-mats-de-yoga","8":"first","9":"instock","10":"sale","11":"shipping-taxable","12":"purchasable","13":"product-type-simple"},"_links":{"self":[{"href":"https:\/\/hatsu.fabrica88.com\/amandamol\/wp-json\/wp\/v2\/product\/1000025","targetHints":{"allow":["GET"]}}],"collection":[{"href":"https:\/\/hatsu.fabrica88.com\/amandamol\/wp-json\/wp\/v2\/product"}],"about":[{"href":"https:\/\/hatsu.fabrica88.com\/amandamol\/wp-json\/wp\/v2\/types\/product"}],"replies":[{"embeddable":true,"href":"https:\/\/hatsu.fabrica88.com\/amandamol\/wp-json\/wp\/v2\/comments?post=1000025"}],"wp:featuredmedia":[{"embeddable":true,"href":"https:\/\/hatsu.fabrica88.com\/amandamol\/wp-json\/wp\/v2\/media\/1000067"}],"wp:attachment":[{"href":"https:\/\/hatsu.fabrica88.com\/amandamol\/wp-json\/wp\/v2\/media?parent=1000025"}],"wp:term":[{"taxonomy":"product_brand","embeddable":true,"href":"https:\/\/hatsu.fabrica88.com\/amandamol\/wp-json\/wp\/v2\/product_brand?post=1000025"},{"taxonomy":"product_cat","embeddable":true,"href":"https:\/\/hatsu.fabrica88.com\/amandamol\/wp-json\/wp\/v2\/product_cat?post=1000025"},{"taxonomy":"product_tag","embeddable":true,"href":"https:\/\/hatsu.fabrica88.com\/amandamol\/wp-json\/wp\/v2\/product_tag?post=1000025"}],"curies":[{"name":"wp","href":"https:\/\/api.w.org\/{rel}","templated":true}]}}