{"id":1000052,"date":"2025-09-10T16:03:20","date_gmt":"2025-09-10T19:03:20","guid":{"rendered":"https:\/\/hatsu.fabrica88.com\/amandamol\/?post_type=product&#038;p=1000052"},"modified":"2025-09-29T09:10:05","modified_gmt":"2025-09-29T12:10:05","slug":"planner-anual-de-parede-2025-calendario-poster","status":"publish","type":"product","link":"https:\/\/hatsu.fabrica88.com\/amandamol\/produto\/planner-anual-de-parede-2025-calendario-poster\/","title":{"rendered":"Planner Anual de Parede | 2025 &#8211; calend\u00e1rio &#038; p\u00f4ster"},"content":{"rendered":"","protected":false},"excerpt":{"rendered":"<p><b>Calend\u00e1rio de um lado, P\u00f4ster do outro!<br \/>\n<\/b>Tamanho: 59,4 x 84,1 cm (A1)<br \/>\nFrente e verso coloridos<br \/>\nPapel 120g<\/p>\n<p>Este item \u00e9 enviado <strong>dobrado<\/strong><br \/>\n<span style=\"text-decoration: underline;\">Acompanha 1 postal<\/span><\/p>\n<p><strong>Conceito do produto:<\/strong> us\u00e1-lo para planejamento anual e ao final aproveitar o verso como p\u00f4ster para emoldurar!<\/p>\n<p><strong>Esse print \u00e9 uma reprodu\u00e7\u00e3o da da Pintura Fleur Lilac, e capa do <a href=\"https:\/\/amandamol.com.br\/produto\/planner-2025-um-dia-de-cada-vez\/\" target=\"_blank\" rel=\"noopener\">Planner Um dia de Cada vez<\/a>.<\/strong><\/p>\n<p><strong>Produto exclusivo desenvolvido com amor.<\/strong><\/p>\n<p><img decoding=\"async\" class=\"alignnone wp-image-120823\" src=\"https:\/\/amandamol.com.br\/wp-content\/uploads\/2023\/11\/Amanda-Mol-R-300x184.png\" alt=\"\" width=\"95\" height=\"58\" \/><\/p>\n","protected":false},"featured_media":1000202,"comment_status":"closed","ping_status":"closed","template":"","meta":[],"product_brand":[],"product_cat":[87,94,88,95,96],"product_tag":[],"class_list":{"0":"post-1000052","1":"product","2":"type-product","3":"status-publish","4":"has-post-thumbnail","6":"product_cat-bazar","7":"product_cat-calendarios","8":"product_cat-papelaria","9":"product_cat-papelaria-2025","10":"product_cat-planners","11":"product_shipping_class-planner","13":"first","14":"instock","15":"sale","16":"shipping-taxable","17":"purchasable","18":"product-type-simple"},"_links":{"self":[{"href":"https:\/\/hatsu.fabrica88.com\/amandamol\/wp-json\/wp\/v2\/product\/1000052","targetHints":{"allow":["GET"]}}],"collection":[{"href":"https:\/\/hatsu.fabrica88.com\/amandamol\/wp-json\/wp\/v2\/product"}],"about":[{"href":"https:\/\/hatsu.fabrica88.com\/amandamol\/wp-json\/wp\/v2\/types\/product"}],"replies":[{"embeddable":true,"href":"https:\/\/hatsu.fabrica88.com\/amandamol\/wp-json\/wp\/v2\/comments?post=1000052"}],"wp:featuredmedia":[{"embeddable":true,"href":"https:\/\/hatsu.fabrica88.com\/amandamol\/wp-json\/wp\/v2\/media\/1000202"}],"wp:attachment":[{"href":"https:\/\/hatsu.fabrica88.com\/amandamol\/wp-json\/wp\/v2\/media?parent=1000052"}],"wp:term":[{"taxonomy":"product_brand","embeddable":true,"href":"https:\/\/hatsu.fabrica88.com\/amandamol\/wp-json\/wp\/v2\/product_brand?post=1000052"},{"taxonomy":"product_cat","embeddable":true,"href":"https:\/\/hatsu.fabrica88.com\/amandamol\/wp-json\/wp\/v2\/product_cat?post=1000052"},{"taxonomy":"product_tag","embeddable":true,"href":"https:\/\/hatsu.fabrica88.com\/amandamol\/wp-json\/wp\/v2\/product_tag?post=1000052"}],"curies":[{"name":"wp","href":"https:\/\/api.w.org\/{rel}","templated":true}]}}