{"id":1000074,"date":"2025-09-10T16:05:16","date_gmt":"2025-09-10T19:05:16","guid":{"rendered":"https:\/\/hatsu.fabrica88.com\/amandamol\/?post_type=product&#038;p=1000074"},"modified":"2025-09-10T16:21:28","modified_gmt":"2025-09-10T19:21:28","slug":"caderno-a5-flores-65-folhas-pautadas","status":"publish","type":"product","link":"https:\/\/hatsu.fabrica88.com\/amandamol\/produto\/caderno-a5-flores-65-folhas-pautadas\/","title":{"rendered":"Caderno A5 Flores \/ 65 folhas pautadas"},"content":{"rendered":"<blockquote><p>Essa estampa nasceu do primeiro processo criativo de 2025 dentro do atelier! Registrei nesse post do meu instagram um pouco desse dia (<a href=\"https:\/\/www.instagram.com\/p\/DF0MpfQx9Qa\/?img_index=1\" target=\"_blank\" rel=\"noopener\">Link<\/a>). Florais s\u00e3o temas que sempre amei pintar e essas pinturas marcam o in\u00edcio dos estudos da nova s\u00e9rie e uma sequ\u00eancia de estampas que se transformar\u00e3o em Cadernos e outros produtos. Escolhi iniciar por dois itens queridinhos das clientes: o <strong>Caderno A5 Pautado<\/strong> e a <strong>Caderneta Sketchbook de Papel P\u00f3len<\/strong>. Voc\u00ea tamb\u00e9m pode compr\u00e1-los em kit, <a href=\"https:\/\/amandamol.com.br\/produto\/kit-caderno-a5-flores-caderneta-botanica\/\">clique aqui<\/a>!<\/p><\/blockquote>\n<p><strong>Estudos. <\/strong>O Caderno A5 tem o formato ideal para anota\u00e7\u00f5es de estudos da vida adulta, seja durante uma forma\u00e7\u00e3o ou um curso livre que escolhemos vivenciar. S\u00e3o 65 folhas de 90g com o aspecto &#8220;mais grossinho&#8221; perfeito para escrita!<\/p>\n<p><strong>Escrita.<\/strong> Escrever \u00e9 uma atividade curativa e terap\u00eautica que merecemos cultivar. Esse pode ser o seu caderno de cabeceira, seja para guardar seus mergulhos de autoconhecimento ou para aprimorar a pr\u00f3pria escrita.<\/p>\n<p><strong>O presente perfeito! <\/strong>Presentear com um caderninho me parece a melhor ideia de presente para uma pessoa sens\u00edvel, especial e apreciadora de arte. Veja todas as op\u00e7\u00f5es de formatos e valores poss\u00edveis, <a href=\"https:\/\/amandamol.com.br\/categoria-produto\/papelaria\/cadernos\/\">clicando aqui<\/a>!<\/p>\n<p>&nbsp;<\/p>\n","protected":false},"excerpt":{"rendered":"<p><strong><br \/>\nCaderno Formato A5<\/strong><\/p>\n<p>Capa dura<br \/>\nTamanho: 14,5 x 20,5 cm<br \/>\n65 folhas pautadas de 90 g<br \/>\nWire-o dourado<br \/>\nEl\u00e1stico Rosa<br \/>\n<span style=\"text-decoration-line: underline;\">Acompanha um kit de 10 adesivos<\/p>\n<p><\/span><\/p>\n<p><strong>Produto exclusivo desenvolvido com amor.<\/strong><\/p>\n<p><img decoding=\"async\" class=\"alignnone wp-image-120823\" src=\"https:\/\/amandamol.com.br\/wp-content\/uploads\/2023\/11\/Amanda-Mol-R-300x184.png\" alt=\"\" width=\"95\" height=\"58\" \/><\/p>\n","protected":false},"featured_media":1000241,"comment_status":"closed","ping_status":"closed","template":"","meta":[],"product_brand":[],"product_cat":[89,88,95],"product_tag":[],"class_list":{"0":"post-1000074","1":"product","2":"type-product","3":"status-publish","4":"has-post-thumbnail","6":"product_cat-cadernos","7":"product_cat-papelaria","8":"product_cat-papelaria-2025","10":"first","11":"outofstock","12":"shipping-taxable","13":"purchasable","14":"product-type-simple"},"_links":{"self":[{"href":"https:\/\/hatsu.fabrica88.com\/amandamol\/wp-json\/wp\/v2\/product\/1000074","targetHints":{"allow":["GET"]}}],"collection":[{"href":"https:\/\/hatsu.fabrica88.com\/amandamol\/wp-json\/wp\/v2\/product"}],"about":[{"href":"https:\/\/hatsu.fabrica88.com\/amandamol\/wp-json\/wp\/v2\/types\/product"}],"replies":[{"embeddable":true,"href":"https:\/\/hatsu.fabrica88.com\/amandamol\/wp-json\/wp\/v2\/comments?post=1000074"}],"wp:featuredmedia":[{"embeddable":true,"href":"https:\/\/hatsu.fabrica88.com\/amandamol\/wp-json\/wp\/v2\/media\/1000241"}],"wp:attachment":[{"href":"https:\/\/hatsu.fabrica88.com\/amandamol\/wp-json\/wp\/v2\/media?parent=1000074"}],"wp:term":[{"taxonomy":"product_brand","embeddable":true,"href":"https:\/\/hatsu.fabrica88.com\/amandamol\/wp-json\/wp\/v2\/product_brand?post=1000074"},{"taxonomy":"product_cat","embeddable":true,"href":"https:\/\/hatsu.fabrica88.com\/amandamol\/wp-json\/wp\/v2\/product_cat?post=1000074"},{"taxonomy":"product_tag","embeddable":true,"href":"https:\/\/hatsu.fabrica88.com\/amandamol\/wp-json\/wp\/v2\/product_tag?post=1000074"}],"curies":[{"name":"wp","href":"https:\/\/api.w.org\/{rel}","templated":true}]}}