{"id":1000122,"date":"2025-09-10T16:10:09","date_gmt":"2025-09-10T19:10:09","guid":{"rendered":"https:\/\/hatsu.fabrica88.com\/amandamol\/?post_type=product&#038;p=1000122"},"modified":"2025-09-10T16:23:44","modified_gmt":"2025-09-10T19:23:44","slug":"criacao-de-estampa","status":"publish","type":"product","link":"https:\/\/hatsu.fabrica88.com\/amandamol\/produto\/criacao-de-estampa\/","title":{"rendered":"Cria\u00e7\u00e3o de Estampa"},"content":{"rendered":"","protected":false},"excerpt":{"rendered":"<div>\n<p><strong>Desenvolvimento de estampa digital exclusiva<\/strong><\/p>\n<p><strong><span style=\"text-decoration: underline;\">O que o projeto inclui:<\/span><\/strong><\/p>\n<\/div>\n<div>&#8211; cria\u00e7\u00e3o de um painel dentro do tema apresentado no briefing contendo de 10 \u00e0 15 elementos distintos<\/div>\n<div>&#8211; desenvolvimento segundo t\u00e9cnica de pintura acr\u00edlica ou aquarela manual e digital<\/div>\n<div>&#8211; envio do arquivo em alta resolu\u00e7\u00e3o em pdf. e PNG (sem fundo)<\/div>\n<div>\n<p>&#8211; o direito de uso e comercializa\u00e7\u00e3o do cliente<\/p>\n<p><strong><span style=\"text-decoration: underline;\">O que o projeto n\u00e3o inclui:<\/span> <\/strong>aplica\u00e7\u00e3o da estampa em produtos.<\/p>\n<p><strong><span style=\"text-decoration: underline;\">Prazo para cria\u00e7\u00e3o:<\/span> <\/strong>20 dias \u00fateis<\/p>\n<p>Ap\u00f3s o pedido, entrarei em contato por email para marcarmos a reuni\u00e3o de briefing! \u2728<\/p>\n<\/div>\n","protected":false},"featured_media":1000262,"comment_status":"closed","ping_status":"closed","template":"","meta":[],"product_brand":[],"product_cat":[86],"product_tag":[],"class_list":{"0":"post-1000122","1":"product","2":"type-product","3":"status-publish","4":"has-post-thumbnail","6":"product_cat-servicos","8":"first","9":"instock","10":"virtual","11":"purchasable","12":"product-type-simple"},"_links":{"self":[{"href":"https:\/\/hatsu.fabrica88.com\/amandamol\/wp-json\/wp\/v2\/product\/1000122","targetHints":{"allow":["GET"]}}],"collection":[{"href":"https:\/\/hatsu.fabrica88.com\/amandamol\/wp-json\/wp\/v2\/product"}],"about":[{"href":"https:\/\/hatsu.fabrica88.com\/amandamol\/wp-json\/wp\/v2\/types\/product"}],"replies":[{"embeddable":true,"href":"https:\/\/hatsu.fabrica88.com\/amandamol\/wp-json\/wp\/v2\/comments?post=1000122"}],"wp:featuredmedia":[{"embeddable":true,"href":"https:\/\/hatsu.fabrica88.com\/amandamol\/wp-json\/wp\/v2\/media\/1000262"}],"wp:attachment":[{"href":"https:\/\/hatsu.fabrica88.com\/amandamol\/wp-json\/wp\/v2\/media?parent=1000122"}],"wp:term":[{"taxonomy":"product_brand","embeddable":true,"href":"https:\/\/hatsu.fabrica88.com\/amandamol\/wp-json\/wp\/v2\/product_brand?post=1000122"},{"taxonomy":"product_cat","embeddable":true,"href":"https:\/\/hatsu.fabrica88.com\/amandamol\/wp-json\/wp\/v2\/product_cat?post=1000122"},{"taxonomy":"product_tag","embeddable":true,"href":"https:\/\/hatsu.fabrica88.com\/amandamol\/wp-json\/wp\/v2\/product_tag?post=1000122"}],"curies":[{"name":"wp","href":"https:\/\/api.w.org\/{rel}","templated":true}]}}