{"id":1000127,"date":"2025-09-10T16:10:39","date_gmt":"2025-09-10T19:10:39","guid":{"rendered":"https:\/\/hatsu.fabrica88.com\/amandamol\/?post_type=product&#038;p=1000127"},"modified":"2025-09-29T09:10:39","modified_gmt":"2025-09-29T12:10:39","slug":"caderno-giverny-pautado-15-x-21-cm","status":"publish","type":"product","link":"https:\/\/hatsu.fabrica88.com\/amandamol\/produto\/caderno-giverny-pautado-15-x-21-cm\/","title":{"rendered":"Caderno Giverny \/ Pautado 15 x 21 cm"},"content":{"rendered":"<p><strong>Estudos. <\/strong>O Caderno A5 tem o formato ideal para anota\u00e7\u00f5es de estudos da vida adulta, seja durante uma forma\u00e7\u00e3o ou um curso livre que escolhemos vivenciar. S\u00e3o 65 folhas de 90g com o aspecto &#8220;mais grossinho&#8221; perfeito para escrita!<\/p>\n<p><strong>Escrita.<\/strong> Escrever \u00e9 uma atividade curativa e terap\u00eautica que merecemos cultivar. Esse pode ser o seu caderno de cabeceira, seja para guardar seus mergulhos de autoconhecimento ou para aprimorar a pr\u00f3pria escrita.<\/p>\n<p><strong>O presente perfeito! <\/strong>Presentear com um caderninho me parece a melhor ideia de presente para uma pessoa sens\u00edvel, especial e apreciadora de arte.<\/p>\n<p>&nbsp;<\/p>\n","protected":false},"excerpt":{"rendered":"<p><strong><br \/>\n<\/strong><em>Caderno para escrever tudo que toca seu cora\u00e7\u00e3o.<\/em><strong><br \/>\nSugest\u00f5es de uso: escrita livre, di\u00e1rio, anota\u00e7\u00f5es em listas, estudos.<\/strong><\/p>\n<p><span style=\"text-decoration: underline;\"><strong>Detalhamento:<\/strong><br \/>\n<\/span>70 folhas pautadas de gramatura 90g<br \/>\nCapa dura \/ formato 15 x 21 cm<br \/>\nEncaderna\u00e7\u00e3o preta e el\u00e1stico verde claro<br \/>\nEnvelope pl\u00e1stico para guardar pap\u00e9is e adesivos<br \/>\n<strong>Acompanha 10 adesivos<\/strong><\/p>\n<p><em><strong><br \/>\n<\/strong>Produto exclusivo desenvolvido<br \/>\ncom amor no atelier.<\/em><\/p>\n<p><img decoding=\"async\" class=\"alignnone wp-image-120823\" src=\"https:\/\/amandamol.com.br\/wp-content\/uploads\/2023\/11\/Amanda-Mol-R-300x184.png\" alt=\"\" width=\"80\" height=\"49\" \/><\/p>\n<p>&nbsp;<\/p>\n","protected":false},"featured_media":1000272,"comment_status":"closed","ping_status":"closed","template":"","meta":[],"product_brand":[],"product_cat":[89,99,100,88],"product_tag":[],"class_list":{"0":"post-1000127","1":"product","2":"type-product","3":"status-publish","4":"has-post-thumbnail","6":"product_cat-cadernos","7":"product_cat-colecao-verde-esmeralda","8":"product_cat-ed-limitada","9":"product_cat-papelaria","11":"first","12":"instock","13":"sale","14":"shipping-taxable","15":"purchasable","16":"product-type-simple"},"_links":{"self":[{"href":"https:\/\/hatsu.fabrica88.com\/amandamol\/wp-json\/wp\/v2\/product\/1000127","targetHints":{"allow":["GET"]}}],"collection":[{"href":"https:\/\/hatsu.fabrica88.com\/amandamol\/wp-json\/wp\/v2\/product"}],"about":[{"href":"https:\/\/hatsu.fabrica88.com\/amandamol\/wp-json\/wp\/v2\/types\/product"}],"replies":[{"embeddable":true,"href":"https:\/\/hatsu.fabrica88.com\/amandamol\/wp-json\/wp\/v2\/comments?post=1000127"}],"wp:featuredmedia":[{"embeddable":true,"href":"https:\/\/hatsu.fabrica88.com\/amandamol\/wp-json\/wp\/v2\/media\/1000272"}],"wp:attachment":[{"href":"https:\/\/hatsu.fabrica88.com\/amandamol\/wp-json\/wp\/v2\/media?parent=1000127"}],"wp:term":[{"taxonomy":"product_brand","embeddable":true,"href":"https:\/\/hatsu.fabrica88.com\/amandamol\/wp-json\/wp\/v2\/product_brand?post=1000127"},{"taxonomy":"product_cat","embeddable":true,"href":"https:\/\/hatsu.fabrica88.com\/amandamol\/wp-json\/wp\/v2\/product_cat?post=1000127"},{"taxonomy":"product_tag","embeddable":true,"href":"https:\/\/hatsu.fabrica88.com\/amandamol\/wp-json\/wp\/v2\/product_tag?post=1000127"}],"curies":[{"name":"wp","href":"https:\/\/api.w.org\/{rel}","templated":true}]}}