{"id":1000161,"date":"2025-09-10T16:14:11","date_gmt":"2025-09-10T19:14:11","guid":{"rendered":"https:\/\/hatsu.fabrica88.com\/amandamol\/?post_type=product&#038;p=1000161"},"modified":"2025-09-10T16:26:17","modified_gmt":"2025-09-10T19:26:17","slug":"cartao-talvez-nao-me-falte-nada","status":"publish","type":"product","link":"https:\/\/hatsu.fabrica88.com\/amandamol\/produto\/cartao-talvez-nao-me-falte-nada\/","title":{"rendered":"Cart\u00e3o Talvez n\u00e3o me falte nada"},"content":{"rendered":"","protected":false},"excerpt":{"rendered":"<p><em>Para guardar o que voc\u00ea prefere dizer escrevendo.<br \/>\n<\/em><strong>Sugest\u00e3o de uso: escrever uma carta, agradecer, amar, quebrar um sil\u00eancio.<\/strong><\/p>\n<p>Tamanho: 10 x 14 cm<br \/>\nPapel de 250g com lamina\u00e7\u00e3o fosca<br \/>\nParte interna branca para escrever sua mensagem<\/p>\n<p><em><br \/>\nProduto exclusivo produzido <\/em><br \/>\n<em>com amor no atelier.<\/em><strong><br \/>\n<\/strong><\/p>\n<p><img decoding=\"async\" class=\"alignnone wp-image-120823\" src=\"https:\/\/amandamol.com.br\/wp-content\/uploads\/2023\/11\/Amanda-Mol-R-300x184.png\" alt=\"\" width=\"95\" height=\"58\" \/><\/p>\n","protected":false},"featured_media":1000299,"comment_status":"closed","ping_status":"closed","template":"","meta":[],"product_brand":[],"product_cat":[92,99,100,88],"product_tag":[],"class_list":{"0":"post-1000161","1":"product","2":"type-product","3":"status-publish","4":"has-post-thumbnail","6":"product_cat-cartoes","7":"product_cat-colecao-verde-esmeralda","8":"product_cat-ed-limitada","9":"product_cat-papelaria","10":"product_shipping_class-postal","12":"first","13":"outofstock","14":"sale","15":"shipping-taxable","16":"purchasable","17":"product-type-simple"},"_links":{"self":[{"href":"https:\/\/hatsu.fabrica88.com\/amandamol\/wp-json\/wp\/v2\/product\/1000161","targetHints":{"allow":["GET"]}}],"collection":[{"href":"https:\/\/hatsu.fabrica88.com\/amandamol\/wp-json\/wp\/v2\/product"}],"about":[{"href":"https:\/\/hatsu.fabrica88.com\/amandamol\/wp-json\/wp\/v2\/types\/product"}],"replies":[{"embeddable":true,"href":"https:\/\/hatsu.fabrica88.com\/amandamol\/wp-json\/wp\/v2\/comments?post=1000161"}],"wp:featuredmedia":[{"embeddable":true,"href":"https:\/\/hatsu.fabrica88.com\/amandamol\/wp-json\/wp\/v2\/media\/1000299"}],"wp:attachment":[{"href":"https:\/\/hatsu.fabrica88.com\/amandamol\/wp-json\/wp\/v2\/media?parent=1000161"}],"wp:term":[{"taxonomy":"product_brand","embeddable":true,"href":"https:\/\/hatsu.fabrica88.com\/amandamol\/wp-json\/wp\/v2\/product_brand?post=1000161"},{"taxonomy":"product_cat","embeddable":true,"href":"https:\/\/hatsu.fabrica88.com\/amandamol\/wp-json\/wp\/v2\/product_cat?post=1000161"},{"taxonomy":"product_tag","embeddable":true,"href":"https:\/\/hatsu.fabrica88.com\/amandamol\/wp-json\/wp\/v2\/product_tag?post=1000161"}],"curies":[{"name":"wp","href":"https:\/\/api.w.org\/{rel}","templated":true}]}}