{"id":1000191,"date":"2025-09-10T16:16:02","date_gmt":"2025-09-10T19:16:02","guid":{"rendered":"https:\/\/hatsu.fabrica88.com\/amandamol\/?post_type=product&#038;p=1000191"},"modified":"2025-09-10T16:29:35","modified_gmt":"2025-09-10T19:29:35","slug":"kit-4-caderninhos-para-anotar-maravilhamentos-papel-polen","status":"publish","type":"product","link":"https:\/\/hatsu.fabrica88.com\/amandamol\/produto\/kit-4-caderninhos-para-anotar-maravilhamentos-papel-polen\/","title":{"rendered":"Kit 4 caderninhos para anotar maravilhamentos | Papel P\u00f3len"},"content":{"rendered":"","protected":false},"excerpt":{"rendered":"<p>Kit com 4 unidades da cole\u00e7\u00e3o Verde Esmeralda<em><br \/>\nPara anotar os seus maravilhamentos.<\/em>\u00a0<strong><br \/>\nsugest\u00f5es de uso: sketchbook, notas, escrita po\u00e9tica, caderninho para carregar bolsa[o].<br \/>\n<\/strong><br \/>\nFormato: 9,5 x 13,5 cm<br \/>\nmiolo com 26 folhas de papel p\u00f3len<br \/>\nCapa r\u00edgida com lamina\u00e7\u00e3o fosca, ilh\u00f3s e el\u00e1stico<br \/>\nAcabamento em grampos<\/p>\n<p><em>Produto exclusivo desenvolvido <\/em><br \/>\n<em>com amor no atelier.<\/em><\/p>\n<p><img decoding=\"async\" class=\"alignnone wp-image-120823\" src=\"https:\/\/amandamol.com.br\/wp-content\/uploads\/2023\/11\/Amanda-Mol-R-300x184.png\" alt=\"\" width=\"95\" height=\"58\" \/><\/p>\n<p>&nbsp;<\/p>\n<p>&nbsp;<\/p>\n","protected":false},"featured_media":1000341,"comment_status":"closed","ping_status":"closed","template":"","meta":[],"product_brand":[],"product_cat":[89,99,100,88],"product_tag":[],"class_list":{"0":"post-1000191","1":"product","2":"type-product","3":"status-publish","4":"has-post-thumbnail","6":"product_cat-cadernos","7":"product_cat-colecao-verde-esmeralda","8":"product_cat-ed-limitada","9":"product_cat-papelaria","11":"first","12":"instock","13":"shipping-taxable","14":"purchasable","15":"product-type-simple"},"_links":{"self":[{"href":"https:\/\/hatsu.fabrica88.com\/amandamol\/wp-json\/wp\/v2\/product\/1000191","targetHints":{"allow":["GET"]}}],"collection":[{"href":"https:\/\/hatsu.fabrica88.com\/amandamol\/wp-json\/wp\/v2\/product"}],"about":[{"href":"https:\/\/hatsu.fabrica88.com\/amandamol\/wp-json\/wp\/v2\/types\/product"}],"replies":[{"embeddable":true,"href":"https:\/\/hatsu.fabrica88.com\/amandamol\/wp-json\/wp\/v2\/comments?post=1000191"}],"wp:featuredmedia":[{"embeddable":true,"href":"https:\/\/hatsu.fabrica88.com\/amandamol\/wp-json\/wp\/v2\/media\/1000341"}],"wp:attachment":[{"href":"https:\/\/hatsu.fabrica88.com\/amandamol\/wp-json\/wp\/v2\/media?parent=1000191"}],"wp:term":[{"taxonomy":"product_brand","embeddable":true,"href":"https:\/\/hatsu.fabrica88.com\/amandamol\/wp-json\/wp\/v2\/product_brand?post=1000191"},{"taxonomy":"product_cat","embeddable":true,"href":"https:\/\/hatsu.fabrica88.com\/amandamol\/wp-json\/wp\/v2\/product_cat?post=1000191"},{"taxonomy":"product_tag","embeddable":true,"href":"https:\/\/hatsu.fabrica88.com\/amandamol\/wp-json\/wp\/v2\/product_tag?post=1000191"}],"curies":[{"name":"wp","href":"https:\/\/api.w.org\/{rel}","templated":true}]}}