{"id":1000199,"date":"2025-09-10T16:16:31","date_gmt":"2025-09-10T19:16:31","guid":{"rendered":"https:\/\/hatsu.fabrica88.com\/amandamol\/?post_type=product&#038;p=1000199"},"modified":"2025-09-10T16:31:00","modified_gmt":"2025-09-10T19:31:00","slug":"kit-pasta-kraft-2-un-botanica-e-giverny","status":"publish","type":"product","link":"https:\/\/hatsu.fabrica88.com\/amandamol\/produto\/kit-pasta-kraft-2-un-botanica-e-giverny\/","title":{"rendered":"Kit Pasta Kraft 2 un | Bot\u00e2nica e Giverny"},"content":{"rendered":"","protected":false},"excerpt":{"rendered":"<p><em><br \/>\nPara guardar tudo que te toca, mem\u00f3rias e import\u00e2ncias do presente.<br \/>\n<\/em><strong>Sugest\u00e3o de uso: organiza\u00e7\u00e3o de docs, fotos, cartas ou um presente perfeito para para apaixonadas por papelaria.\u00a0<\/strong><\/p>\n<p><strong>Kit com 2 unidades<\/strong><br \/>\nTamanho: 12,5 x 24 cm (fechado)<br \/>\nPapel Kraft R\u00edgido de 300g<br \/>\nMedida do envelope fechado e da \u00e1rea de armazenamento.<br \/>\nAcabamento em ilh\u00f3s dourado e el\u00e1stico preto<\/p>\n<p><em><br \/>\nProduto exclusivo produzido <\/em><br \/>\n<em>com amor no atelier.<\/em><strong><br \/>\n<\/strong><\/p>\n<p><img decoding=\"async\" class=\"alignnone wp-image-120823\" src=\"https:\/\/amandamol.com.br\/wp-content\/uploads\/2023\/11\/Amanda-Mol-R-300x184.png\" alt=\"\" width=\"95\" height=\"58\" \/><\/p>\n<p>&nbsp;<\/p>\n<p>&nbsp;<\/p>\n","protected":false},"featured_media":1000361,"comment_status":"closed","ping_status":"closed","template":"","meta":[],"product_brand":[],"product_cat":[99,100,101,88],"product_tag":[],"class_list":{"0":"post-1000199","1":"product","2":"type-product","3":"status-publish","4":"has-post-thumbnail","6":"product_cat-colecao-verde-esmeralda","7":"product_cat-ed-limitada","8":"product_cat-envelope-pasta","9":"product_cat-papelaria","11":"first","12":"instock","13":"sale","14":"shipping-taxable","15":"purchasable","16":"product-type-simple"},"_links":{"self":[{"href":"https:\/\/hatsu.fabrica88.com\/amandamol\/wp-json\/wp\/v2\/product\/1000199","targetHints":{"allow":["GET"]}}],"collection":[{"href":"https:\/\/hatsu.fabrica88.com\/amandamol\/wp-json\/wp\/v2\/product"}],"about":[{"href":"https:\/\/hatsu.fabrica88.com\/amandamol\/wp-json\/wp\/v2\/types\/product"}],"replies":[{"embeddable":true,"href":"https:\/\/hatsu.fabrica88.com\/amandamol\/wp-json\/wp\/v2\/comments?post=1000199"}],"wp:featuredmedia":[{"embeddable":true,"href":"https:\/\/hatsu.fabrica88.com\/amandamol\/wp-json\/wp\/v2\/media\/1000361"}],"wp:attachment":[{"href":"https:\/\/hatsu.fabrica88.com\/amandamol\/wp-json\/wp\/v2\/media?parent=1000199"}],"wp:term":[{"taxonomy":"product_brand","embeddable":true,"href":"https:\/\/hatsu.fabrica88.com\/amandamol\/wp-json\/wp\/v2\/product_brand?post=1000199"},{"taxonomy":"product_cat","embeddable":true,"href":"https:\/\/hatsu.fabrica88.com\/amandamol\/wp-json\/wp\/v2\/product_cat?post=1000199"},{"taxonomy":"product_tag","embeddable":true,"href":"https:\/\/hatsu.fabrica88.com\/amandamol\/wp-json\/wp\/v2\/product_tag?post=1000199"}],"curies":[{"name":"wp","href":"https:\/\/api.w.org\/{rel}","templated":true}]}}