{"id":1000201,"date":"2025-09-10T16:16:31","date_gmt":"2025-09-10T19:16:31","guid":{"rendered":"https:\/\/hatsu.fabrica88.com\/amandamol\/?post_type=product&#038;p=1000201"},"modified":"2025-09-10T16:33:18","modified_gmt":"2025-09-10T19:33:18","slug":"livro-pensei-que-escreveria-sobre-amor","status":"publish","type":"product","link":"https:\/\/hatsu.fabrica88.com\/amandamol\/produto\/livro-pensei-que-escreveria-sobre-amor\/","title":{"rendered":"Livro | Pensei que escreveria sobre amor"},"content":{"rendered":"","protected":false},"excerpt":{"rendered":"<p><strong>1\u00aa edi\u00e7\u00e3o\u00a0<\/strong><br \/>\n80 p\u00e1ginas<br \/>\nFormato: 12 x 19 cm<br \/>\nMiolo: papel p\u00f3len bold<br \/>\nMireveja Editora<\/p>\n<div class=\"et_pb_module et_pb_heading et_pb_heading_7 et_pb_bg_layout_\">\n<div class=\"et_pb_heading_container\">\n<p>&nbsp;<\/p>\n<p class=\"et_pb_module_heading\">Com Pensei que escreveria sobre o amor, seu livro de estreia, Amanda Mol surpreende pela maturidade na escrita e pela naturalidade com que desfila por temas complexos. A ancestralidade, a for\u00e7a do feminino, vazios existenciais, as delicadezas do cotidiano, encontros, desencontros e o pr\u00f3prio fazer po\u00e9tico comp\u00f5em seu caleidosc\u00f3pio imagin\u00e1rio.<\/p>\n<\/div>\n<\/div>\n<div class=\"et_pb_module et_pb_heading et_pb_heading_8 et_pb_bg_layout_\">\n<div class=\"et_pb_heading_container\"><strong><br \/>\nA capa:<\/strong><br \/>\nRecorte da ilustra\u00e7\u00e3o &#8220;<em>The Winged Passion-Flower<\/em>&#8221; do bot\u00e2nico Robert John Thornton. A paix\u00e3o contida em seu nome, o contraste das cores e a estranheza do elemento flor, trouxeram o tom desejado.<\/div>\n<\/div>\n","protected":false},"featured_media":1000374,"comment_status":"closed","ping_status":"closed","template":"","meta":[],"product_brand":[],"product_cat":[102],"product_tag":[],"class_list":{"0":"post-1000201","1":"product","2":"type-product","3":"status-publish","4":"has-post-thumbnail","6":"product_cat-livro","7":"product_shipping_class-livro","9":"first","10":"instock","11":"shipping-taxable","12":"purchasable","13":"product-type-simple"},"_links":{"self":[{"href":"https:\/\/hatsu.fabrica88.com\/amandamol\/wp-json\/wp\/v2\/product\/1000201","targetHints":{"allow":["GET"]}}],"collection":[{"href":"https:\/\/hatsu.fabrica88.com\/amandamol\/wp-json\/wp\/v2\/product"}],"about":[{"href":"https:\/\/hatsu.fabrica88.com\/amandamol\/wp-json\/wp\/v2\/types\/product"}],"replies":[{"embeddable":true,"href":"https:\/\/hatsu.fabrica88.com\/amandamol\/wp-json\/wp\/v2\/comments?post=1000201"}],"wp:featuredmedia":[{"embeddable":true,"href":"https:\/\/hatsu.fabrica88.com\/amandamol\/wp-json\/wp\/v2\/media\/1000374"}],"wp:attachment":[{"href":"https:\/\/hatsu.fabrica88.com\/amandamol\/wp-json\/wp\/v2\/media?parent=1000201"}],"wp:term":[{"taxonomy":"product_brand","embeddable":true,"href":"https:\/\/hatsu.fabrica88.com\/amandamol\/wp-json\/wp\/v2\/product_brand?post=1000201"},{"taxonomy":"product_cat","embeddable":true,"href":"https:\/\/hatsu.fabrica88.com\/amandamol\/wp-json\/wp\/v2\/product_cat?post=1000201"},{"taxonomy":"product_tag","embeddable":true,"href":"https:\/\/hatsu.fabrica88.com\/amandamol\/wp-json\/wp\/v2\/product_tag?post=1000201"}],"curies":[{"name":"wp","href":"https:\/\/api.w.org\/{rel}","templated":true}]}}