{"id":1000847,"date":"2025-09-22T21:14:15","date_gmt":"2025-09-23T00:14:15","guid":{"rendered":"https:\/\/hatsu.fabrica88.com\/amandamol\/?post_type=product&#038;p=1000847"},"modified":"2025-09-22T21:37:05","modified_gmt":"2025-09-23T00:37:05","slug":"experiencia-exclusiva-aula-particular-de-pintura-acrilica","status":"publish","type":"product","link":"https:\/\/hatsu.fabrica88.com\/amandamol\/produto\/experiencia-exclusiva-aula-particular-de-pintura-acrilica\/","title":{"rendered":"Experi\u00eancia exclusiva | Aula particular de pintura acr\u00edlica*"},"content":{"rendered":"","protected":false},"excerpt":{"rendered":"<p><strong>* Essa experi\u00eancia acontecer\u00e1 no meu atelier de pinturas na minha casa, na ParisBerlin! \ud83d\ude42<span style=\"text-decoration: underline;\"><br \/>\nA aula particular \u00e9 agendada ap\u00f3s o pedido<\/span>: entrarei em contato por email para marcarmos a data ideal!<\/strong><\/p>\n<p>Local: em meu atelier de pinturas, na minha casa<br \/>\nDura\u00e7\u00e3o: 3h<br \/>\nMateriais inclusos<strong><br \/>\n<\/strong>N\u00edvel: iniciante e intermedi\u00e1rio<br \/>\nCurso ministrado por <strong>Amanda Mol<br \/>\n<\/strong><br \/>\n<span style=\"text-decoration: underline;\">O que voc\u00ea ir\u00e1 aprender:<\/span><br \/>\n. apresenta\u00e7\u00e3o e utiliza\u00e7\u00e3o da tinta acr\u00edlica sobre canvas<br \/>\n. como criar uma cartela de cores<br \/>\n. o processo de criar pinturas abstratas com liberdade e intui\u00e7\u00e3o<br \/>\n. dicas sobre formatos e molduras<\/p>\n<p>+ d\u00favidas que possam surgir pelo caminho!<\/p>\n","protected":false},"featured_media":1001067,"comment_status":"open","ping_status":"closed","template":"","meta":[],"product_brand":[],"product_cat":[148],"product_tag":[],"class_list":{"0":"post-1000847","1":"product","2":"type-product","3":"status-publish","4":"has-post-thumbnail","6":"product_cat-experiencias","8":"first","9":"instock","10":"shipping-taxable","11":"purchasable","12":"product-type-simple"},"_links":{"self":[{"href":"https:\/\/hatsu.fabrica88.com\/amandamol\/wp-json\/wp\/v2\/product\/1000847","targetHints":{"allow":["GET"]}}],"collection":[{"href":"https:\/\/hatsu.fabrica88.com\/amandamol\/wp-json\/wp\/v2\/product"}],"about":[{"href":"https:\/\/hatsu.fabrica88.com\/amandamol\/wp-json\/wp\/v2\/types\/product"}],"replies":[{"embeddable":true,"href":"https:\/\/hatsu.fabrica88.com\/amandamol\/wp-json\/wp\/v2\/comments?post=1000847"}],"wp:featuredmedia":[{"embeddable":true,"href":"https:\/\/hatsu.fabrica88.com\/amandamol\/wp-json\/wp\/v2\/media\/1001067"}],"wp:attachment":[{"href":"https:\/\/hatsu.fabrica88.com\/amandamol\/wp-json\/wp\/v2\/media?parent=1000847"}],"wp:term":[{"taxonomy":"product_brand","embeddable":true,"href":"https:\/\/hatsu.fabrica88.com\/amandamol\/wp-json\/wp\/v2\/product_brand?post=1000847"},{"taxonomy":"product_cat","embeddable":true,"href":"https:\/\/hatsu.fabrica88.com\/amandamol\/wp-json\/wp\/v2\/product_cat?post=1000847"},{"taxonomy":"product_tag","embeddable":true,"href":"https:\/\/hatsu.fabrica88.com\/amandamol\/wp-json\/wp\/v2\/product_tag?post=1000847"}],"curies":[{"name":"wp","href":"https:\/\/api.w.org\/{rel}","templated":true}]}}