{"id":1001495,"date":"2025-09-22T22:14:37","date_gmt":"2025-09-23T01:14:37","guid":{"rendered":"https:\/\/hatsu.fabrica88.com\/amandamol\/?post_type=product&#038;p=1001495"},"modified":"2025-09-22T22:34:00","modified_gmt":"2025-09-23T01:34:00","slug":"quadro-todo-amor-que-couber-nessa-xicara-115-x-73-cm","status":"publish","type":"product","link":"https:\/\/hatsu.fabrica88.com\/amandamol\/produto\/quadro-todo-amor-que-couber-nessa-xicara-115-x-73-cm\/","title":{"rendered":"Quadro Todo amor que couber nessa x\u00edcara | 115 x 73 cm"},"content":{"rendered":"","protected":false},"excerpt":{"rendered":"<p><em><strong>Todo amor que couber nessa x\u00edcara <\/strong>| S\u00e9rie Al\u00e9m da x\u00edcara, 2024<\/em><\/p>\n<p>115 x 73 x 4,5 cm<br \/>\nAcr\u00edlico sobre canvas<br \/>\nQuadro com moldura filete de madeira laqueada<br \/>\nPintura assinada e \u00fanica<br \/>\nAcompanha Certificado de Autenticidade<\/p>\n","protected":false},"featured_media":1001707,"comment_status":"open","ping_status":"closed","template":"","meta":[],"product_brand":[],"product_cat":[146,139,140,151],"product_tag":[],"class_list":{"0":"post-1001495","1":"product","2":"type-product","3":"status-publish","4":"has-post-thumbnail","6":"product_cat-ofertas","7":"product_cat-originais","8":"product_cat-quadros","9":"product_cat-serie-alem-da-xicara","11":"first","12":"instock","13":"sale","14":"shipping-taxable","15":"purchasable","16":"product-type-simple"},"_links":{"self":[{"href":"https:\/\/hatsu.fabrica88.com\/amandamol\/wp-json\/wp\/v2\/product\/1001495","targetHints":{"allow":["GET"]}}],"collection":[{"href":"https:\/\/hatsu.fabrica88.com\/amandamol\/wp-json\/wp\/v2\/product"}],"about":[{"href":"https:\/\/hatsu.fabrica88.com\/amandamol\/wp-json\/wp\/v2\/types\/product"}],"replies":[{"embeddable":true,"href":"https:\/\/hatsu.fabrica88.com\/amandamol\/wp-json\/wp\/v2\/comments?post=1001495"}],"wp:featuredmedia":[{"embeddable":true,"href":"https:\/\/hatsu.fabrica88.com\/amandamol\/wp-json\/wp\/v2\/media\/1001707"}],"wp:attachment":[{"href":"https:\/\/hatsu.fabrica88.com\/amandamol\/wp-json\/wp\/v2\/media?parent=1001495"}],"wp:term":[{"taxonomy":"product_brand","embeddable":true,"href":"https:\/\/hatsu.fabrica88.com\/amandamol\/wp-json\/wp\/v2\/product_brand?post=1001495"},{"taxonomy":"product_cat","embeddable":true,"href":"https:\/\/hatsu.fabrica88.com\/amandamol\/wp-json\/wp\/v2\/product_cat?post=1001495"},{"taxonomy":"product_tag","embeddable":true,"href":"https:\/\/hatsu.fabrica88.com\/amandamol\/wp-json\/wp\/v2\/product_tag?post=1001495"}],"curies":[{"name":"wp","href":"https:\/\/api.w.org\/{rel}","templated":true}]}}