{"id":1002066,"date":"2025-09-30T15:22:34","date_gmt":"2025-09-30T18:22:34","guid":{"rendered":"https:\/\/hatsu.fabrica88.com\/amandamol\/?post_type=product&#038;p=1002066"},"modified":"2025-09-30T15:22:43","modified_gmt":"2025-09-30T18:22:43","slug":"planner-diario-de-viagem-kit-com-adesivos-e-poster","status":"publish","type":"product","link":"https:\/\/hatsu.fabrica88.com\/amandamol\/produto\/planner-diario-de-viagem-kit-com-adesivos-e-poster\/","title":{"rendered":"Planner &#038; Di\u00e1rio de Viagem | kit com Adesivos e P\u00f4ster"},"content":{"rendered":"","protected":false},"excerpt":{"rendered":"<p><span style=\"text-decoration: underline;\"><strong>Brinde<\/strong><\/span>: voc\u00ea receber\u00e1 de presente o meu <strong>roteiro pela It\u00e1lia<\/strong>, atrav\u00e9s de um QR Code enviado junto com o produto. \u2764\ufe0f<\/p>\n<p>Planner e Di\u00e1rio de Bordo para uma viagem de at\u00e9 31 dias<strong><br \/>\nSugest\u00e3o de uso: planejamento da viagem previamente, di\u00e1rio de bordo durante a viagem e caderno de mem\u00f3rias no estilo &#8220;scrapbook&#8221; para montagem durante ou ap\u00f3s a viagem.<\/strong><\/p>\n<p><span style=\"text-decoration: underline;\"><strong>Detalhamento:<br \/>\n<\/strong><\/span>Miolo de Papel P\u00f3len Bold 90g<span style=\"text-decoration: underline;\"><br \/>\n<\/span>80 p\u00e1ginas (40 folhas)<br \/>\nTamanho: 15,5 x 21,5 cm<br \/>\nEncaderna\u00e7\u00e3o preta e el\u00e1stico rosa<br \/>\nEnvelope pl\u00e1stico para guardar pap\u00e9is e adesivos<\/p>\n<p><strong>O Kit cont\u00e9m: conjunto de adesivos, marcador de p\u00e1gina e um p\u00f4ster lambe lambe A3.<\/strong><\/p>\n<p>Como ele \u00e9 por dentro? Veja todas as imagens da galeria na sequ\u00eancia para conhecer detalhadamente cada p\u00e1gina.<br \/>\n<strong>Ele \u00e9 feito para uma viagem de quantos dias? <\/strong>O Planner foi projetado para uma viagem de at\u00e9 um m\u00eas com p\u00e1ginas de anota\u00e7\u00f5es di\u00e1rias.<br \/>\n<strong>Ele \u00e9 leve para carregar durante viagem?<\/strong> Sim! Esse produto foi pensado para te acompanhar durante a viagem e possui formato A5 e peso leve para transportar passeando.<\/p>\n<p><strong>&gt; Veja registros do Planner viajando comigo:<\/strong> em <a href=\"https:\/\/www.instagram.com\/molamanda\/p\/DNdfmL7MUnR\/\">Madrid<\/a>, em <a href=\"https:\/\/www.instagram.com\/p\/DN1eTOB2Fud\/?img_index=1\">Veneza<\/a>, em <a href=\"https:\/\/www.instagram.com\/molamanda\/reel\/DN5ZAiuDOe5\/\">La Spezia<\/a> (Cinque Terre), em <a href=\"https:\/\/www.instagram.com\/molamanda\/reel\/DObRFg6EUlm\/\">Roma<\/a>.<\/p>\n<p><em><strong><br \/>\n<\/strong>Produto exclusivo desenvolvido com amor no atelier.<\/em><\/p>\n<p><img decoding=\"async\" class=\"alignnone wp-image-120823\" src=\"https:\/\/amandamol.com.br\/wp-content\/uploads\/2023\/11\/Amanda-Mol-R-300x184.png\" alt=\"\" width=\"80\" height=\"49\" \/><\/p>\n<p>&nbsp;<\/p>\n","protected":false},"featured_media":1002083,"comment_status":"closed","ping_status":"closed","template":"","meta":[],"product_brand":[],"product_cat":[89,99,88,154],"product_tag":[],"class_list":{"0":"post-1002066","1":"product","2":"type-product","3":"status-publish","4":"has-post-thumbnail","6":"product_cat-cadernos","7":"product_cat-colecao-verde-esmeralda","8":"product_cat-papelaria","9":"product_cat-planner-de-viagem","11":"first","12":"instock","13":"shipping-taxable","14":"purchasable","15":"product-type-simple"},"_links":{"self":[{"href":"https:\/\/hatsu.fabrica88.com\/amandamol\/wp-json\/wp\/v2\/product\/1002066","targetHints":{"allow":["GET"]}}],"collection":[{"href":"https:\/\/hatsu.fabrica88.com\/amandamol\/wp-json\/wp\/v2\/product"}],"about":[{"href":"https:\/\/hatsu.fabrica88.com\/amandamol\/wp-json\/wp\/v2\/types\/product"}],"replies":[{"embeddable":true,"href":"https:\/\/hatsu.fabrica88.com\/amandamol\/wp-json\/wp\/v2\/comments?post=1002066"}],"wp:featuredmedia":[{"embeddable":true,"href":"https:\/\/hatsu.fabrica88.com\/amandamol\/wp-json\/wp\/v2\/media\/1002083"}],"wp:attachment":[{"href":"https:\/\/hatsu.fabrica88.com\/amandamol\/wp-json\/wp\/v2\/media?parent=1002066"}],"wp:term":[{"taxonomy":"product_brand","embeddable":true,"href":"https:\/\/hatsu.fabrica88.com\/amandamol\/wp-json\/wp\/v2\/product_brand?post=1002066"},{"taxonomy":"product_cat","embeddable":true,"href":"https:\/\/hatsu.fabrica88.com\/amandamol\/wp-json\/wp\/v2\/product_cat?post=1002066"},{"taxonomy":"product_tag","embeddable":true,"href":"https:\/\/hatsu.fabrica88.com\/amandamol\/wp-json\/wp\/v2\/product_tag?post=1002066"}],"curies":[{"name":"wp","href":"https:\/\/api.w.org\/{rel}","templated":true}]}}