{"id":6734,"date":"2024-08-21T12:22:17","date_gmt":"2024-08-21T15:22:17","guid":{"rendered":"https:\/\/hatsu.fabrica88.com\/cafesdobrasil\/?post_type=product&#038;p=6734"},"modified":"2024-08-21T16:40:09","modified_gmt":"2024-08-21T19:40:09","slug":"xicara-que-mais-cafe","status":"publish","type":"product","link":"https:\/\/hatsu.fabrica88.com\/cafesdobrasil\/produto\/xicara-que-mais-cafe\/","title":{"rendered":"X\u00cdCARA QU\u00c9 MAIS CAF\u00c9"},"content":{"rendered":"<p><img loading=\"lazy\" decoding=\"async\" class=\"alignnone size-medium wp-image-261398\" src=\"https:\/\/cafesdobrasilclub.com.br\/wp-content\/uploads\/2023\/02\/IMG_0608-300x200.jpg\" alt=\"\" width=\"300\" height=\"200\" \/> <img loading=\"lazy\" decoding=\"async\" class=\"alignnone size-medium wp-image-261399\" src=\"https:\/\/cafesdobrasilclub.com.br\/wp-content\/uploads\/2023\/02\/IMG_0610-300x200.jpg\" alt=\"\" width=\"300\" height=\"200\" \/> <img loading=\"lazy\" decoding=\"async\" class=\"alignnone size-medium wp-image-261400\" src=\"https:\/\/cafesdobrasilclub.com.br\/wp-content\/uploads\/2023\/02\/IMG_0611-300x200.jpg\" alt=\"\" width=\"300\" height=\"200\" \/> <img loading=\"lazy\" decoding=\"async\" class=\"alignnone size-medium wp-image-261401\" src=\"https:\/\/cafesdobrasilclub.com.br\/wp-content\/uploads\/2023\/02\/IMG_0614-300x200.jpg\" alt=\"\" width=\"300\" height=\"200\" \/><\/p>\n","protected":false},"excerpt":{"rendered":"<p>X\u00edcara Qu\u00e9 mais Caf\u00e9 para Coffee Lovers de plant\u00e3o.<\/p>\n<p>X\u00edcara de 100ml, personaliza\u00e7\u00e3o interna e externa, em porcelana, acompanha pires personalizado (Qu\u00e9 + Caf\u00e9) de porcelana tamb\u00e9m.<br \/>\nExcelente para degustar o seu caf\u00e9zinho de\u00a0todos\u00a0os\u00a0dias!<\/p>\n","protected":false},"featured_media":6756,"comment_status":"open","ping_status":"closed","template":"","meta":{"_acf_changed":false,"_et_pb_use_builder":"","_et_pb_old_content":"","_et_gb_content_width":""},"product_cat":[67],"product_tag":[],"class_list":{"0":"post-6734","1":"product","2":"type-product","3":"status-publish","4":"has-post-thumbnail","6":"product_cat-artigos-coffee-lover","8":"first","9":"instock","10":"sale","11":"shipping-taxable","12":"purchasable","13":"product-type-variable"},"exclude_global_add_ons":[],"addons":[],"acf":[],"_links":{"self":[{"href":"https:\/\/hatsu.fabrica88.com\/cafesdobrasil\/wp-json\/wp\/v2\/product\/6734","targetHints":{"allow":["GET"]}}],"collection":[{"href":"https:\/\/hatsu.fabrica88.com\/cafesdobrasil\/wp-json\/wp\/v2\/product"}],"about":[{"href":"https:\/\/hatsu.fabrica88.com\/cafesdobrasil\/wp-json\/wp\/v2\/types\/product"}],"replies":[{"embeddable":true,"href":"https:\/\/hatsu.fabrica88.com\/cafesdobrasil\/wp-json\/wp\/v2\/comments?post=6734"}],"wp:featuredmedia":[{"embeddable":true,"href":"https:\/\/hatsu.fabrica88.com\/cafesdobrasil\/wp-json\/wp\/v2\/media\/6756"}],"wp:attachment":[{"href":"https:\/\/hatsu.fabrica88.com\/cafesdobrasil\/wp-json\/wp\/v2\/media?parent=6734"}],"wp:term":[{"taxonomy":"product_cat","embeddable":true,"href":"https:\/\/hatsu.fabrica88.com\/cafesdobrasil\/wp-json\/wp\/v2\/product_cat?post=6734"},{"taxonomy":"product_tag","embeddable":true,"href":"https:\/\/hatsu.fabrica88.com\/cafesdobrasil\/wp-json\/wp\/v2\/product_tag?post=6734"}],"curies":[{"name":"wp","href":"https:\/\/api.w.org\/{rel}","templated":true}]}}