{"id":6749,"date":"2024-08-21T12:22:19","date_gmt":"2024-08-21T15:22:19","guid":{"rendered":"https:\/\/hatsu.fabrica88.com\/cafesdobrasil\/?post_type=product&#038;p=6749"},"modified":"2024-08-21T12:23:37","modified_gmt":"2024-08-21T15:23:37","slug":"taca-de-degustacao","status":"publish","type":"product","link":"https:\/\/hatsu.fabrica88.com\/cafesdobrasil\/produto\/taca-de-degustacao\/","title":{"rendered":"TA\u00c7A DE DEGUSTA\u00c7\u00c3O"},"content":{"rendered":"<p>Cor<br \/>\nA cor de cristal permite a aprecia\u00e7\u00e3o completa da cor de seu caf\u00e9.<\/p>\n<p>Modelo<br \/>\nA boca afunilada da ta\u00e7a captura e concentra o aroma no nariz.<\/p>\n<p>Produto sob encomenda, prazo de produ\u00e7\u00e3o 25 dias \u00fateis + prazo de transporte (consultar no ato da compra).<\/p>\n","protected":false},"excerpt":{"rendered":"<p>Ta\u00e7a de degusta\u00e7\u00e3o<\/p>\n<p>Agora voc\u00ea vai poder receber com estilo as suas visitas para tomar um cafez\u00e3o especial.<br \/>\nA ta\u00e7a de degusta\u00e7\u00e3o para caf\u00e9s coados e filtrados \u00e9 a sensa\u00e7\u00e3o do clube!!<br \/>\nCom a borda afunilada, em cristal, \u00e9 perfeita para vivenciar as experi\u00eancias sensoriais e \u00fanicas de cada caf\u00e9.<\/p>\n<p>Obs: a ta\u00e7a \u00e9 feita sob encomenda, portanto o prazo de envio \u00e9 de 25 dias \u00fateis ap\u00f3s pedido. Vale a pena esperar por essa preciosidade!<\/p>\n","protected":false},"featured_media":6779,"comment_status":"open","ping_status":"closed","template":"","meta":{"_acf_changed":false,"_et_pb_use_builder":"","_et_pb_old_content":"","_et_gb_content_width":""},"product_cat":[67],"product_tag":[],"class_list":{"0":"post-6749","1":"product","2":"type-product","3":"status-publish","4":"has-post-thumbnail","6":"product_cat-artigos-coffee-lover","8":"first","9":"outofstock","10":"shipping-taxable","11":"purchasable","12":"product-type-variable"},"exclude_global_add_ons":[],"addons":[],"acf":[],"_links":{"self":[{"href":"https:\/\/hatsu.fabrica88.com\/cafesdobrasil\/wp-json\/wp\/v2\/product\/6749","targetHints":{"allow":["GET"]}}],"collection":[{"href":"https:\/\/hatsu.fabrica88.com\/cafesdobrasil\/wp-json\/wp\/v2\/product"}],"about":[{"href":"https:\/\/hatsu.fabrica88.com\/cafesdobrasil\/wp-json\/wp\/v2\/types\/product"}],"replies":[{"embeddable":true,"href":"https:\/\/hatsu.fabrica88.com\/cafesdobrasil\/wp-json\/wp\/v2\/comments?post=6749"}],"wp:featuredmedia":[{"embeddable":true,"href":"https:\/\/hatsu.fabrica88.com\/cafesdobrasil\/wp-json\/wp\/v2\/media\/6779"}],"wp:attachment":[{"href":"https:\/\/hatsu.fabrica88.com\/cafesdobrasil\/wp-json\/wp\/v2\/media?parent=6749"}],"wp:term":[{"taxonomy":"product_cat","embeddable":true,"href":"https:\/\/hatsu.fabrica88.com\/cafesdobrasil\/wp-json\/wp\/v2\/product_cat?post=6749"},{"taxonomy":"product_tag","embeddable":true,"href":"https:\/\/hatsu.fabrica88.com\/cafesdobrasil\/wp-json\/wp\/v2\/product_tag?post=6749"}],"curies":[{"name":"wp","href":"https:\/\/api.w.org\/{rel}","templated":true}]}}