{"id":6819,"date":"2024-08-21T12:23:39","date_gmt":"2024-08-21T15:23:39","guid":{"rendered":"https:\/\/hatsu.fabrica88.com\/cafesdobrasil\/?post_type=product&#038;p=6819"},"modified":"2024-08-21T12:24:16","modified_gmt":"2024-08-21T15:24:16","slug":"fazenda-sitio-santana-ii-ed-outubro-2023","status":"publish","type":"product","link":"https:\/\/hatsu.fabrica88.com\/cafesdobrasil\/produto\/fazenda-sitio-santana-ii-ed-outubro-2023\/","title":{"rendered":"FAZENDA S\u00cdTIO SANTANA II &#8211; ED. OUTUBRO\/2023"},"content":{"rendered":"<p>Fazenda: S\u00edtio Santana II<br \/>\nEdi\u00e7\u00e3o: Outubro 2023<br \/>\nTipo: 100% Ar\u00e1bica<br \/>\nPontua\u00e7\u00e3o: 85,50 pontos<br \/>\nProcesso: Natural<br \/>\nVariedade: Catua\u00ed Vermelho e amarelo<br \/>\nSafra: 2022\/2023<br \/>\nSabor: Frutas amarelas.<br \/>\nTorra: M\u00e9dia<br \/>\nAltitude: 1340 metros<br \/>\nBebida: Especial<br \/>\nFinaliza\u00e7\u00e3o: Mel\u00e3o.<br \/>\nCorpo: Cremoso<br \/>\nAcidez: Equilibrada.<br \/>\nFermentado: N\u00e3o.<br \/>\nRegi\u00e3o: Chapada Diamantina<br \/>\nMunic\u00edpio: Piat\u00e3- BA<br \/>\nProdutor: Alex Sandro Silva Santana<\/p>\n","protected":false},"excerpt":{"rendered":"<p>Fazenda: S\u00edtio Santana II Edi\u00e7\u00e3o: Outubro 2023 Tipo: 100% Ar\u00e1bica Pontua\u00e7\u00e3o: 85,50 pontos Processo: Natural Variedade: Catua\u00ed Vermelho e amarelo Safra: 2022\/2023 Sabor: Frutas amarelas. Torra: M\u00e9dia Altitude: 1340 metros Bebida: Especial Finaliza\u00e7\u00e3o: Mel\u00e3o. Corpo: Cremoso Acidez: Equilibrada. Fermentado: N\u00e3o. Regi\u00e3o: Chapada Diamantina Munic\u00edpio: Piat\u00e3- BA Produtor: Alex Sandro Silva Santana<\/p>\n","protected":false},"featured_media":6827,"comment_status":"open","ping_status":"closed","template":"","meta":{"_acf_changed":false,"_et_pb_use_builder":"","_et_pb_old_content":"","_et_gb_content_width":""},"product_cat":[48],"product_tag":[],"class_list":{"0":"post-6819","1":"product","2":"type-product","3":"status-publish","4":"has-post-thumbnail","6":"product_cat-cafe-especial","8":"first","9":"instock","10":"sale","11":"shipping-taxable","12":"purchasable","13":"product-type-variable"},"exclude_global_add_ons":[],"addons":[],"acf":[],"_links":{"self":[{"href":"https:\/\/hatsu.fabrica88.com\/cafesdobrasil\/wp-json\/wp\/v2\/product\/6819","targetHints":{"allow":["GET"]}}],"collection":[{"href":"https:\/\/hatsu.fabrica88.com\/cafesdobrasil\/wp-json\/wp\/v2\/product"}],"about":[{"href":"https:\/\/hatsu.fabrica88.com\/cafesdobrasil\/wp-json\/wp\/v2\/types\/product"}],"replies":[{"embeddable":true,"href":"https:\/\/hatsu.fabrica88.com\/cafesdobrasil\/wp-json\/wp\/v2\/comments?post=6819"}],"wp:featuredmedia":[{"embeddable":true,"href":"https:\/\/hatsu.fabrica88.com\/cafesdobrasil\/wp-json\/wp\/v2\/media\/6827"}],"wp:attachment":[{"href":"https:\/\/hatsu.fabrica88.com\/cafesdobrasil\/wp-json\/wp\/v2\/media?parent=6819"}],"wp:term":[{"taxonomy":"product_cat","embeddable":true,"href":"https:\/\/hatsu.fabrica88.com\/cafesdobrasil\/wp-json\/wp\/v2\/product_cat?post=6819"},{"taxonomy":"product_tag","embeddable":true,"href":"https:\/\/hatsu.fabrica88.com\/cafesdobrasil\/wp-json\/wp\/v2\/product_tag?post=6819"}],"curies":[{"name":"wp","href":"https:\/\/api.w.org\/{rel}","templated":true}]}}