{"id":6834,"date":"2024-08-21T12:24:00","date_gmt":"2024-08-21T15:24:00","guid":{"rendered":"https:\/\/hatsu.fabrica88.com\/cafesdobrasil\/?post_type=product&#038;p=6834"},"modified":"2024-08-21T12:24:16","modified_gmt":"2024-08-21T15:24:16","slug":"sitio-serra-do-ouro-ed-novembro-2023","status":"publish","type":"product","link":"https:\/\/hatsu.fabrica88.com\/cafesdobrasil\/produto\/sitio-serra-do-ouro-ed-novembro-2023\/","title":{"rendered":"S\u00cdTIO SERRA DO OURO &#8211; ED. NOVEMBRO\/2023"},"content":{"rendered":"<p>Fazenda: S\u00edtio Serra do Ouro<br \/>\nEdi\u00e7\u00e3o: Novembro 2023<br \/>\nTipo: 100% ar\u00e1bica<br \/>\nPontua\u00e7\u00e3o: 84,6<br \/>\nProcesso: Natural fermentado anaer\u00f3bio<br \/>\nVariedade: Catucai 785\/15 vermelho<br \/>\nSafra: 2022\/2023<br \/>\nSabor: Frutado, Caramelo, Castanhas e Especiarias.<br \/>\nTorra: M\u00e9dia clara<br \/>\nAltitude: +\/- 1.150<br \/>\nAcidez: C\u00edtrica<br \/>\nBebida: Especial<br \/>\nFermentado: Sim<br \/>\nFinaliza\u00e7\u00e3o: Curta<br \/>\nRegi\u00e3o: Matas de Minas e Capara\u00f3<br \/>\nProdutor: William Dias de Souza<\/p>\n","protected":false},"excerpt":{"rendered":"<p>Fazenda: Fazenda do Lobo<br \/>\nEdi\u00e7\u00e3o: Maio 2023<br \/>\nTipo: 100% Ar\u00e1bica<br \/>\nPontua\u00e7\u00e3o: 86,44 pontos<br \/>\nProcesso: Natural<br \/>\nVariedade: Catua\u00ed Amarelo<br \/>\nSafra: 2022\/2023<br \/>\nSabor: Mela\u00e7o, caramelo, framboesa, menta, floral, anis estrelado.<br \/>\nTorra: M\u00e9dia Clara<br \/>\nAltitude: 1010 metros<br \/>\nBebida: Especial<br \/>\nFinaliza\u00e7\u00e3o: Longa refrescante<br \/>\nCorpo: Licoroso<br \/>\nAcidez: C\u00edtrica<br \/>\nFermentado: N\u00e3o<br \/>\nRegi\u00e3o: Sul de Minas<br \/>\nMunic\u00edpio: Tr\u00eas Cora\u00e7\u00f5es- MG<br \/>\nProdutor: Andrea Galv\u00e3o Nogueira Foresti<\/p>\n","protected":false},"featured_media":6859,"comment_status":"open","ping_status":"closed","template":"","meta":{"_acf_changed":false,"_et_pb_use_builder":"","_et_pb_old_content":"","_et_gb_content_width":""},"product_cat":[48],"product_tag":[],"class_list":{"0":"post-6834","1":"product","2":"type-product","3":"status-publish","4":"has-post-thumbnail","6":"product_cat-cafe-especial","8":"first","9":"outofstock","10":"sale","11":"shipping-taxable","12":"purchasable","13":"product-type-variable"},"exclude_global_add_ons":[],"addons":[],"acf":[],"_links":{"self":[{"href":"https:\/\/hatsu.fabrica88.com\/cafesdobrasil\/wp-json\/wp\/v2\/product\/6834","targetHints":{"allow":["GET"]}}],"collection":[{"href":"https:\/\/hatsu.fabrica88.com\/cafesdobrasil\/wp-json\/wp\/v2\/product"}],"about":[{"href":"https:\/\/hatsu.fabrica88.com\/cafesdobrasil\/wp-json\/wp\/v2\/types\/product"}],"replies":[{"embeddable":true,"href":"https:\/\/hatsu.fabrica88.com\/cafesdobrasil\/wp-json\/wp\/v2\/comments?post=6834"}],"wp:featuredmedia":[{"embeddable":true,"href":"https:\/\/hatsu.fabrica88.com\/cafesdobrasil\/wp-json\/wp\/v2\/media\/6859"}],"wp:attachment":[{"href":"https:\/\/hatsu.fabrica88.com\/cafesdobrasil\/wp-json\/wp\/v2\/media?parent=6834"}],"wp:term":[{"taxonomy":"product_cat","embeddable":true,"href":"https:\/\/hatsu.fabrica88.com\/cafesdobrasil\/wp-json\/wp\/v2\/product_cat?post=6834"},{"taxonomy":"product_tag","embeddable":true,"href":"https:\/\/hatsu.fabrica88.com\/cafesdobrasil\/wp-json\/wp\/v2\/product_tag?post=6834"}],"curies":[{"name":"wp","href":"https:\/\/api.w.org\/{rel}","templated":true}]}}