{"id":6881,"date":"2024-08-21T12:24:22","date_gmt":"2024-08-21T15:24:22","guid":{"rendered":"https:\/\/hatsu.fabrica88.com\/cafesdobrasil\/?post_type=product&#038;p=6881"},"modified":"2024-08-21T12:24:33","modified_gmt":"2024-08-21T15:24:33","slug":"blend-especial-de-natal-2023","status":"publish","type":"product","link":"https:\/\/hatsu.fabrica88.com\/cafesdobrasil\/produto\/blend-especial-de-natal-2023\/","title":{"rendered":"BLEND ESPECIAL DE NATAL 2023"},"content":{"rendered":"<p>Fazenda: Paiol Santa Helena + S\u00edtio Canarinho + Fazenda Chic\u00e3o<br \/>\nEdi\u00e7\u00e3o: Dezembro 2023<br \/>\nTipo: 100% Ar\u00e1bica | Blend Especial<br \/>\nPontua\u00e7\u00e3o: 85 pontos<br \/>\nProcesso: Natural + Cereja Descascado<br \/>\nVariedade: Catua\u00ed e Mundo Novo + Arara + Catua\u00ed Vermelho<br \/>\nSafra: 2022\/2023<br \/>\nSabor: Frutado, mel\u00e3o, frutas vermelhas, chocolate<br \/>\nTorra: M\u00e9dia<br \/>\nAltitude: +\/- 1200m<br \/>\nAcidez: C\u00edtrica<br \/>\nBebida: Especial<br \/>\nFermentado: N\u00e3o<br \/>\nFinaliza\u00e7\u00e3o: Caramelo, doce de leite<br \/>\nRegi\u00e3o: Machado\/MG + S\u00e3o Gon\u00e7alo do Sapuca\u00ed\/MG + Serra do Salitre\/MG<br \/>\nProdutor: Agatha Vieira Moraes + Maria Simone Prock Borges + Eder dos Reis Machado Silva<\/p>\n","protected":false},"excerpt":{"rendered":"<p>Fazenda: Paiol Santa Helena + S\u00edtio Canarinho + Fazenda Chic\u00e3o Edi\u00e7\u00e3o: Dezembro 2023 Tipo: 100% Ar\u00e1bica | Blend Especial Pontua\u00e7\u00e3o: 85 pontos Processo: Natural + Cereja Descascado Variedade: Catua\u00ed e Mundo Novo + Arara + Catua\u00ed Vermelho Safra: 2022\/2023 Sabor: Frutado, mel\u00e3o, frutas vermelhas, chocolate Torra: M\u00e9dia Altitude: +\/- 1200m Acidez: C\u00edtrica Bebida: Especial Fermentado: [&hellip;]<\/p>\n","protected":false},"featured_media":6890,"comment_status":"open","ping_status":"closed","template":"","meta":{"_acf_changed":false,"_et_pb_use_builder":"","_et_pb_old_content":"","_et_gb_content_width":""},"product_cat":[48],"product_tag":[],"class_list":{"0":"post-6881","1":"product","2":"type-product","3":"status-publish","4":"has-post-thumbnail","6":"product_cat-cafe-especial","8":"first","9":"instock","10":"sale","11":"shipping-taxable","12":"purchasable","13":"product-type-variable"},"exclude_global_add_ons":[],"addons":[],"acf":[],"_links":{"self":[{"href":"https:\/\/hatsu.fabrica88.com\/cafesdobrasil\/wp-json\/wp\/v2\/product\/6881","targetHints":{"allow":["GET"]}}],"collection":[{"href":"https:\/\/hatsu.fabrica88.com\/cafesdobrasil\/wp-json\/wp\/v2\/product"}],"about":[{"href":"https:\/\/hatsu.fabrica88.com\/cafesdobrasil\/wp-json\/wp\/v2\/types\/product"}],"replies":[{"embeddable":true,"href":"https:\/\/hatsu.fabrica88.com\/cafesdobrasil\/wp-json\/wp\/v2\/comments?post=6881"}],"wp:featuredmedia":[{"embeddable":true,"href":"https:\/\/hatsu.fabrica88.com\/cafesdobrasil\/wp-json\/wp\/v2\/media\/6890"}],"wp:attachment":[{"href":"https:\/\/hatsu.fabrica88.com\/cafesdobrasil\/wp-json\/wp\/v2\/media?parent=6881"}],"wp:term":[{"taxonomy":"product_cat","embeddable":true,"href":"https:\/\/hatsu.fabrica88.com\/cafesdobrasil\/wp-json\/wp\/v2\/product_cat?post=6881"},{"taxonomy":"product_tag","embeddable":true,"href":"https:\/\/hatsu.fabrica88.com\/cafesdobrasil\/wp-json\/wp\/v2\/product_tag?post=6881"}],"curies":[{"name":"wp","href":"https:\/\/api.w.org\/{rel}","templated":true}]}}