{"id":6885,"date":"2024-08-21T12:24:23","date_gmt":"2024-08-21T15:24:23","guid":{"rendered":"https:\/\/hatsu.fabrica88.com\/cafesdobrasil\/?post_type=product&#038;p=6885"},"modified":"2024-08-21T12:24:31","modified_gmt":"2024-08-21T15:24:31","slug":"copo-fibra-de-arroz-350ml-que-cafe","status":"publish","type":"product","link":"https:\/\/hatsu.fabrica88.com\/cafesdobrasil\/produto\/copo-fibra-de-arroz-350ml-que-cafe\/","title":{"rendered":"COPO FIBRA DE ARROZ &#8211; 350ML QU\u00c9 CAF\u00c9"},"content":{"rendered":"<p>Copo personalizado para voc\u00ea Coffee Lover que deseja praticidade no seu dia a dia. Material de fibra de arroz sustent\u00e1vel com capacidade para 350ml.<\/p>\n","protected":false},"excerpt":{"rendered":"<p>Copo personalizado para voc\u00ea Coffee Lover que deseja praticidade no seu dia a dia. Material de fibra de arroz sustent\u00e1vel com capacidade para 350ml.<\/p>\n","protected":false},"featured_media":6891,"comment_status":"open","ping_status":"closed","template":"","meta":{"_acf_changed":false,"_et_pb_use_builder":"","_et_pb_old_content":"","_et_gb_content_width":""},"product_cat":[46,67],"product_tag":[],"class_list":{"0":"post-6885","1":"product","2":"type-product","3":"status-publish","4":"has-post-thumbnail","6":"product_cat-sem-categoria","7":"product_cat-artigos-coffee-lover","9":"first","10":"instock","11":"shipping-taxable","12":"purchasable","13":"product-type-simple"},"exclude_global_add_ons":[],"addons":[],"acf":[],"_links":{"self":[{"href":"https:\/\/hatsu.fabrica88.com\/cafesdobrasil\/wp-json\/wp\/v2\/product\/6885","targetHints":{"allow":["GET"]}}],"collection":[{"href":"https:\/\/hatsu.fabrica88.com\/cafesdobrasil\/wp-json\/wp\/v2\/product"}],"about":[{"href":"https:\/\/hatsu.fabrica88.com\/cafesdobrasil\/wp-json\/wp\/v2\/types\/product"}],"replies":[{"embeddable":true,"href":"https:\/\/hatsu.fabrica88.com\/cafesdobrasil\/wp-json\/wp\/v2\/comments?post=6885"}],"wp:featuredmedia":[{"embeddable":true,"href":"https:\/\/hatsu.fabrica88.com\/cafesdobrasil\/wp-json\/wp\/v2\/media\/6891"}],"wp:attachment":[{"href":"https:\/\/hatsu.fabrica88.com\/cafesdobrasil\/wp-json\/wp\/v2\/media?parent=6885"}],"wp:term":[{"taxonomy":"product_cat","embeddable":true,"href":"https:\/\/hatsu.fabrica88.com\/cafesdobrasil\/wp-json\/wp\/v2\/product_cat?post=6885"},{"taxonomy":"product_tag","embeddable":true,"href":"https:\/\/hatsu.fabrica88.com\/cafesdobrasil\/wp-json\/wp\/v2\/product_tag?post=6885"}],"curies":[{"name":"wp","href":"https:\/\/api.w.org\/{rel}","templated":true}]}}