{"id":6968,"date":"2024-08-21T12:25:36","date_gmt":"2024-08-21T15:25:36","guid":{"rendered":"https:\/\/hatsu.fabrica88.com\/cafesdobrasil\/?post_type=product&#038;p=6968"},"modified":"2024-08-21T12:25:42","modified_gmt":"2024-08-21T15:25:42","slug":"blend-cafes-do-brasil","status":"publish","type":"product","link":"https:\/\/hatsu.fabrica88.com\/cafesdobrasil\/produto\/blend-cafes-do-brasil\/","title":{"rendered":"BLEND CAF\u00c9S DO BRASIL"},"content":{"rendered":"<p>Este \u00e9 um blend de caf\u00e9, 100% ar\u00e1bica, selecionado por profissionais especializados e desenvolvido, pensando em voc\u00ea, que aprecia um caf\u00e9 de qualidade superior. Caf\u00e9 de 85 pontos com notas de achocolatado, caramelo e maracuj\u00e1 com finaliza\u00e7\u00e3o espumante!<\/p>\n<p>Caf\u00e9 avaliado por um \u201cQ arabica grader\u201d<\/p>\n","protected":false},"excerpt":{"rendered":"<p>Este \u00e9 um blend de caf\u00e9, 100% ar\u00e1bica, selecionado por profissionais especializados e desenvolvido, pensando em voc\u00ea, que aprecia um caf\u00e9 de qualidade superior. Caf\u00e9 de 85 pontos com notas de achocolatado, caramelo e maracuj\u00e1 com finaliza\u00e7\u00e3o espumante! Caf\u00e9 avaliado por um \u201cQ arabica grader\u201d<\/p>\n","protected":false},"featured_media":6800,"comment_status":"open","ping_status":"closed","template":"","meta":{"_acf_changed":false,"_et_pb_use_builder":"","_et_pb_old_content":"","_et_gb_content_width":""},"product_cat":[48],"product_tag":[],"class_list":{"0":"post-6968","1":"product","2":"type-product","3":"status-publish","4":"has-post-thumbnail","6":"product_cat-cafe-especial","8":"first","9":"onbackorder","10":"shipping-taxable","11":"purchasable","12":"product-type-variable"},"exclude_global_add_ons":[],"addons":[],"acf":[],"_links":{"self":[{"href":"https:\/\/hatsu.fabrica88.com\/cafesdobrasil\/wp-json\/wp\/v2\/product\/6968","targetHints":{"allow":["GET"]}}],"collection":[{"href":"https:\/\/hatsu.fabrica88.com\/cafesdobrasil\/wp-json\/wp\/v2\/product"}],"about":[{"href":"https:\/\/hatsu.fabrica88.com\/cafesdobrasil\/wp-json\/wp\/v2\/types\/product"}],"replies":[{"embeddable":true,"href":"https:\/\/hatsu.fabrica88.com\/cafesdobrasil\/wp-json\/wp\/v2\/comments?post=6968"}],"wp:featuredmedia":[{"embeddable":true,"href":"https:\/\/hatsu.fabrica88.com\/cafesdobrasil\/wp-json\/wp\/v2\/media\/6800"}],"wp:attachment":[{"href":"https:\/\/hatsu.fabrica88.com\/cafesdobrasil\/wp-json\/wp\/v2\/media?parent=6968"}],"wp:term":[{"taxonomy":"product_cat","embeddable":true,"href":"https:\/\/hatsu.fabrica88.com\/cafesdobrasil\/wp-json\/wp\/v2\/product_cat?post=6968"},{"taxonomy":"product_tag","embeddable":true,"href":"https:\/\/hatsu.fabrica88.com\/cafesdobrasil\/wp-json\/wp\/v2\/product_tag?post=6968"}],"curies":[{"name":"wp","href":"https:\/\/api.w.org\/{rel}","templated":true}]}}