{"id":7639,"date":"2024-08-28T11:23:14","date_gmt":"2024-08-28T14:23:14","guid":{"rendered":"https:\/\/hatsu.fabrica88.com\/cafesdobrasil\/?post_type=product&#038;p=7639"},"modified":"2024-09-06T09:48:29","modified_gmt":"2024-09-06T12:48:29","slug":"iniciante","status":"publish","type":"product","link":"https:\/\/hatsu.fabrica88.com\/cafesdobrasil\/produto\/iniciante\/","title":{"rendered":"Iniciante"},"content":{"rendered":"<p>Nosso blend exclusivo caf\u00e9s do Brasil club todos os meses para voc\u00ea que est\u00e1 saindo dos caf\u00e9s de baixa qualidade (adicionando a\u00e7\u00facar \ud83d\ude2b) e iniciando sua viagem no mundo dos caf\u00e9s especiais que n\u00e3o precisa de a\u00e7\u00facar.<\/p>\n","protected":false},"excerpt":{"rendered":"<p>Nosso blend exclusivo caf\u00e9s do Brasil club todos os meses para voc\u00ea que est\u00e1 saindo dos caf\u00e9s de baixa qualidade (adicionando a\u00e7\u00facar \ud83d\ude2b) e iniciando sua viagem no mundo dos caf\u00e9s especiais que n\u00e3o precisa de a\u00e7\u00facar.<\/p>\n","protected":false},"featured_media":7655,"comment_status":"open","ping_status":"closed","template":"","meta":{"_acf_changed":false,"_et_pb_use_builder":"","_et_pb_old_content":"","_et_gb_content_width":""},"product_cat":[46],"product_tag":[],"class_list":{"0":"post-7639","1":"product","2":"type-product","3":"status-publish","4":"has-post-thumbnail","6":"product_cat-sem-categoria","8":"first","9":"instock","10":"shipping-taxable","11":"purchasable","12":"product-type-variable-subscription"},"exclude_global_add_ons":[],"addons":[],"acf":[],"_links":{"self":[{"href":"https:\/\/hatsu.fabrica88.com\/cafesdobrasil\/wp-json\/wp\/v2\/product\/7639","targetHints":{"allow":["GET"]}}],"collection":[{"href":"https:\/\/hatsu.fabrica88.com\/cafesdobrasil\/wp-json\/wp\/v2\/product"}],"about":[{"href":"https:\/\/hatsu.fabrica88.com\/cafesdobrasil\/wp-json\/wp\/v2\/types\/product"}],"replies":[{"embeddable":true,"href":"https:\/\/hatsu.fabrica88.com\/cafesdobrasil\/wp-json\/wp\/v2\/comments?post=7639"}],"wp:featuredmedia":[{"embeddable":true,"href":"https:\/\/hatsu.fabrica88.com\/cafesdobrasil\/wp-json\/wp\/v2\/media\/7655"}],"wp:attachment":[{"href":"https:\/\/hatsu.fabrica88.com\/cafesdobrasil\/wp-json\/wp\/v2\/media?parent=7639"}],"wp:term":[{"taxonomy":"product_cat","embeddable":true,"href":"https:\/\/hatsu.fabrica88.com\/cafesdobrasil\/wp-json\/wp\/v2\/product_cat?post=7639"},{"taxonomy":"product_tag","embeddable":true,"href":"https:\/\/hatsu.fabrica88.com\/cafesdobrasil\/wp-json\/wp\/v2\/product_tag?post=7639"}],"curies":[{"name":"wp","href":"https:\/\/api.w.org\/{rel}","templated":true}]}}