{"id":7646,"date":"2024-08-28T13:49:01","date_gmt":"2024-08-28T16:49:01","guid":{"rendered":"https:\/\/hatsu.fabrica88.com\/cafesdobrasil\/?post_type=product&#038;p=7646"},"modified":"2024-09-06T09:48:27","modified_gmt":"2024-09-06T12:48:27","slug":"intermediario","status":"publish","type":"product","link":"https:\/\/hatsu.fabrica88.com\/cafesdobrasil\/produto\/intermediario\/","title":{"rendered":"Intermedi\u00e1rio"},"content":{"rendered":"<p>Nosso caf\u00e9 da vez com sabores altamente agrad\u00e1veis ao seu paladar. Todo m\u00eas uma nova viagem na sua x\u00edcara para desenvolver o seu sensorial.<\/p>\n","protected":false},"excerpt":{"rendered":"<p>Nosso caf\u00e9 da vez com sabores altamente agrad\u00e1veis ao seu paladar. Todo m\u00eas uma nova viagem na sua x\u00edcara para desenvolver o seu sensorial.<\/p>\n","protected":false},"featured_media":8147,"comment_status":"open","ping_status":"closed","template":"","meta":{"_acf_changed":false,"_et_pb_use_builder":"","_et_pb_old_content":"","_et_gb_content_width":""},"product_cat":[46],"product_tag":[],"class_list":{"0":"post-7646","1":"product","2":"type-product","3":"status-publish","4":"has-post-thumbnail","6":"product_cat-sem-categoria","8":"first","9":"instock","10":"shipping-taxable","11":"purchasable","12":"product-type-variable-subscription"},"exclude_global_add_ons":[],"addons":[],"acf":[],"_links":{"self":[{"href":"https:\/\/hatsu.fabrica88.com\/cafesdobrasil\/wp-json\/wp\/v2\/product\/7646","targetHints":{"allow":["GET"]}}],"collection":[{"href":"https:\/\/hatsu.fabrica88.com\/cafesdobrasil\/wp-json\/wp\/v2\/product"}],"about":[{"href":"https:\/\/hatsu.fabrica88.com\/cafesdobrasil\/wp-json\/wp\/v2\/types\/product"}],"replies":[{"embeddable":true,"href":"https:\/\/hatsu.fabrica88.com\/cafesdobrasil\/wp-json\/wp\/v2\/comments?post=7646"}],"wp:featuredmedia":[{"embeddable":true,"href":"https:\/\/hatsu.fabrica88.com\/cafesdobrasil\/wp-json\/wp\/v2\/media\/8147"}],"wp:attachment":[{"href":"https:\/\/hatsu.fabrica88.com\/cafesdobrasil\/wp-json\/wp\/v2\/media?parent=7646"}],"wp:term":[{"taxonomy":"product_cat","embeddable":true,"href":"https:\/\/hatsu.fabrica88.com\/cafesdobrasil\/wp-json\/wp\/v2\/product_cat?post=7646"},{"taxonomy":"product_tag","embeddable":true,"href":"https:\/\/hatsu.fabrica88.com\/cafesdobrasil\/wp-json\/wp\/v2\/product_tag?post=7646"}],"curies":[{"name":"wp","href":"https:\/\/api.w.org\/{rel}","templated":true}]}}